{"id":3852,"date":"2020-03-05T15:39:59","date_gmt":"2020-03-05T14:39:59","guid":{"rendered":"https:\/\/www.brucle.it\/?page_id=3852"},"modified":"2020-03-05T15:40:00","modified_gmt":"2020-03-05T14:40:00","slug":"qui-sommes-nous","status":"publish","type":"page","link":"https:\/\/www.brucle.it\/fr\/qui-sommes-nous\/","title":{"rendered":"QUI SOMMES-NOUS ?"},"content":{"rendered":"\t\t<div data-elementor-type=\"wp-post\" data-elementor-id=\"3852\" class=\"elementor elementor-3852\" data-elementor-post-type=\"page\">\n\t\t\t\t\t\t<section class=\"elementor-section elementor-top-section elementor-element elementor-element-8d1fcf3 elementor-section-stretched elementor-section-boxed elementor-section-height-default elementor-section-height-default\" data-id=\"8d1fcf3\" data-element_type=\"section\" data-e-type=\"section\" data-settings=\"{&quot;background_background&quot;:&quot;classic&quot;,&quot;stretch_section&quot;:&quot;section-stretched&quot;}\">\n\t\t\t\t\t\t\t<div class=\"elementor-background-overlay\"><\/div>\n\t\t\t\t\t\t\t<div class=\"elementor-container elementor-column-gap-default\">\n\t\t\t\t\t<div class=\"elementor-column elementor-col-100 elementor-top-column elementor-element elementor-element-47e042a3\" data-id=\"47e042a3\" data-element_type=\"column\" data-e-type=\"column\" data-settings=\"{&quot;background_background&quot;:&quot;gradient&quot;}\">\n\t\t\t<div class=\"elementor-widget-wrap elementor-element-populated\">\n\t\t\t\t\t<div class=\"elementor-background-overlay\"><\/div>\n\t\t\t\t\t\t<section class=\"elementor-section elementor-inner-section elementor-element elementor-element-3124a67b elementor-section-content-middle elementor-section-boxed elementor-section-height-default elementor-section-height-default\" data-id=\"3124a67b\" data-element_type=\"section\" data-e-type=\"section\" data-settings=\"{&quot;background_background&quot;:&quot;classic&quot;}\">\n\t\t\t\t\t\t<div class=\"elementor-container elementor-column-gap-no\">\n\t\t\t\t\t<div class=\"elementor-column elementor-col-100 elementor-inner-column elementor-element elementor-element-73cc7f5b\" data-id=\"73cc7f5b\" data-element_type=\"column\" data-e-type=\"column\" data-settings=\"{&quot;background_background&quot;:&quot;classic&quot;}\">\n\t\t\t<div class=\"elementor-widget-wrap elementor-element-populated\">\n\t\t\t\t\t\t<div class=\"elementor-element elementor-element-6a4c3bca elementor-widget elementor-widget-text-editor\" data-id=\"6a4c3bca\" data-element_type=\"widget\" data-e-type=\"widget\" data-widget_type=\"text-editor.default\">\n\t\t\t\t<div class=\"elementor-widget-container\">\n\t\t\t\t\t\t\t\t\t<div id=\"Content\">\n<div class=\"boxed\">\n<div id=\"lipsum\">\n<p>La marque BRUCLE na\u00eet en 2002 avec comme mission la cr\u00e9ation artisanale de ceintures et d\u2019accessoires de petite maroquinerie de haute qualit\u00e9.<\/p>\n<p>Nous associons la recherche des meilleurs mat\u00e9riaux \u00e0 la finesse du go\u00fbt italien, ainsi notre ligne d\u2019accessoires d\u2019habillement rigoureusement made in Italy a \u00e9t\u00e9 cr\u00e9\u00e9e, en privil\u00e9giant les produits r\u00e9alis\u00e9s \u00e0 la main.<\/p>\n<p>Chaque pi\u00e8ce BRUCLE est en effet un joyau unique et exclusif r\u00e9alis\u00e9 avec passion et avec la plus grande attention aux d\u00e9tails.<\/p>\n<p>Gr\u00e2ce \u00e0 la qualit\u00e9 des mat\u00e9riaux choisis et \u00e0 l\u2019\u00e9l\u00e9gance des lignes, les produits Brucle ont tr\u00e8s vite trouv\u00e9 leur place dans les magasins d\u2019habillement les plus qualifi\u00e9s d\u2019Italie.<\/p>\n<p>Au cours du temps, les ceintures et les accessoires Brucle ont \u00e9t\u00e9 choisis par les accessoiristes de diff\u00e9rents films, de fictions italiennes et de programmes t\u00e9l\u00e9vis\u00e9s afin d\u2019exalter le style des acteurs et des actrices.<\/p>\n<p>En 2012, avec l\u2019entr\u00e9e de nouveaux membres, en plus de la distribution traditionnelle dans les magasins, Brucle a cr\u00e9\u00e9 son site web e-commerce pour la vente en ligne. Un portail traduit en 4 langues qui nous a tr\u00e8s vite permis de vendre partout dans le monde et de collaborer avec des revendeurs de diff\u00e9rents continents.<\/p>\n<p>En 2013, la nouvelle Collection de ceintures femme est lanc\u00e9e, une ligne sp\u00e9cialement con\u00e7ue pour les clientes les plus exigeantes en mati\u00e8re de style et de qualit\u00e9.<\/p>\n<p>En 2014, la Collection de bretelles est totalement renouvel\u00e9e avec l\u2019entr\u00e9e de bretelles en cuir et de bretelles \u00e9lastiques \u00e0 clips et alternativement \u00e0 boutonni\u00e8res en cuir pour boutons. La gamme de bretelles Brucle devient rapidement une des collections les plus compl\u00e8te gr\u00e2ce \u00e0 ses mod\u00e8les adapt\u00e9s aux exigences de tous.<\/p>\n<p>En 2015, la ligne de chaussette Brucle voit le jour, enti\u00e8rement projet\u00e9e et r\u00e9alis\u00e9e en Italie avec les meilleurs fils certifi\u00e9s Oeko-Tex. De nouvelles couleurs et de nouveaux motifs sont ajout\u00e9s \u00e0 chaque saison.<\/p>\n<p>En 2016, le site est totalement r\u00e9volutionn\u00e9 et le portail B2B pour les revendeurs et les professionnels du secteur de la mode est cr\u00e9\u00e9 en parall\u00e8le.<\/p>\n<p>En 2017, la famille de bretelles s\u2019agrandit avec l\u2019entr\u00e9e de bretelles en tissu et la gamme d\u2019accessoires pour bretelles \u00e9volue aussi\u00a0: boutons \u00e0 clips permettant d\u2019utiliser des bretelles pour boutons sans devoir coudre des boutons au pantalon, des pattes de boutonnage \u00e0 clips et bien plus encore.<\/p>\n<p>En 2018, afin de r\u00e9pondre aux besoins des clients les plus exigeants, nous avons cr\u00e9\u00e9 la possibilit\u00e9 de personnaliser tous les accessoires\u00a0: gravure d\u2019initiales, de noms et de logos, modification de boucles pour les ceintures, changements de clips pour bretelles. Il est \u00e9galement possible de demander une taille sur mesure pour les bretelles, les ceintures et les chaussettes.<\/p>\n<p>En 2019, la gamme de ceintures Brucle est pr\u00e9sent\u00e9e en version \u00ab\u00a0sans nickel\u00a0\u00bb pour toutes les personnes qui ont besoin de porter des accessoires sans ce m\u00e9tal.<\/p>\n<\/div>\n<\/div>\n<\/div>\n\t\t\t\t\t\t\t\t<\/div>\n\t\t\t\t<\/div>\n\t\t\t\t\t<\/div>\n\t\t<\/div>\n\t\t\t\t\t<\/div>\n\t\t<\/section>\n\t\t\t\t\t<\/div>\n\t\t<\/div>\n\t\t\t\t\t<\/div>\n\t\t<\/section>\n\t\t\t\t<section class=\"elementor-section elementor-top-section elementor-element elementor-element-3f7ad4b7 elementor-section-content-middle elementor-section-full_width elementor-section-height-default elementor-section-height-default\" data-id=\"3f7ad4b7\" data-element_type=\"section\" data-e-type=\"section\" data-settings=\"{&quot;background_background&quot;:&quot;classic&quot;}\">\n\t\t\t\t\t\t<div class=\"elementor-container elementor-column-gap-no\">\n\t\t\t\t\t<div class=\"elementor-column elementor-col-33 elementor-top-column elementor-element elementor-element-2d9e00e\" data-id=\"2d9e00e\" data-element_type=\"column\" data-e-type=\"column\" data-settings=\"{&quot;background_background&quot;:&quot;classic&quot;}\">\n\t\t\t<div class=\"elementor-widget-wrap elementor-element-populated\">\n\t\t\t\t\t\t<div class=\"elementor-element elementor-element-4ce797d elementor-widget elementor-widget-spacer\" data-id=\"4ce797d\" data-element_type=\"widget\" data-e-type=\"widget\" data-widget_type=\"spacer.default\">\n\t\t\t\t<div class=\"elementor-widget-container\">\n\t\t\t\t\t\t\t<div class=\"elementor-spacer\">\n\t\t\t<div class=\"elementor-spacer-inner\"><\/div>\n\t\t<\/div>\n\t\t\t\t\t\t<\/div>\n\t\t\t\t<\/div>\n\t\t\t\t\t<\/div>\n\t\t<\/div>\n\t\t\t\t<div class=\"elementor-column elementor-col-33 elementor-top-column elementor-element elementor-element-393e88d\" data-id=\"393e88d\" data-element_type=\"column\" data-e-type=\"column\" data-settings=\"{&quot;background_background&quot;:&quot;classic&quot;}\">\n\t\t\t<div class=\"elementor-widget-wrap elementor-element-populated\">\n\t\t\t\t\t\t<div class=\"elementor-element elementor-element-2c30536 elementor-widget elementor-widget-spacer\" data-id=\"2c30536\" data-element_type=\"widget\" data-e-type=\"widget\" data-widget_type=\"spacer.default\">\n\t\t\t\t<div class=\"elementor-widget-container\">\n\t\t\t\t\t\t\t<div class=\"elementor-spacer\">\n\t\t\t<div class=\"elementor-spacer-inner\"><\/div>\n\t\t<\/div>\n\t\t\t\t\t\t<\/div>\n\t\t\t\t<\/div>\n\t\t\t\t\t<\/div>\n\t\t<\/div>\n\t\t\t\t<div class=\"elementor-column elementor-col-33 elementor-top-column elementor-element elementor-element-09d1fad\" data-id=\"09d1fad\" data-element_type=\"column\" data-e-type=\"column\" data-settings=\"{&quot;background_background&quot;:&quot;classic&quot;}\">\n\t\t\t<div class=\"elementor-widget-wrap elementor-element-populated\">\n\t\t\t\t\t\t<div class=\"elementor-element elementor-element-59f4703 elementor-widget elementor-widget-spacer\" data-id=\"59f4703\" data-element_type=\"widget\" data-e-type=\"widget\" data-widget_type=\"spacer.default\">\n\t\t\t\t<div class=\"elementor-widget-container\">\n\t\t\t\t\t\t\t<div class=\"elementor-spacer\">\n\t\t\t<div class=\"elementor-spacer-inner\"><\/div>\n\t\t<\/div>\n\t\t\t\t\t\t<\/div>\n\t\t\t\t<\/div>\n\t\t\t\t\t<\/div>\n\t\t<\/div>\n\t\t\t\t\t<\/div>\n\t\t<\/section>\n\t\t\t\t<\/div>\n\t\t","protected":false},"excerpt":{"rendered":"<p>La marque BRUCLE na\u00eet en 2002 avec comme mission la cr\u00e9ation artisanale de ceintures et d\u2019accessoires de petite maroquinerie de haute qualit\u00e9. Nous associons la recherche des meilleurs mat\u00e9riaux \u00e0 la finesse du go\u00fbt italien, ainsi notre ligne d\u2019accessoires d\u2019habillement rigoureusement made in Italy a \u00e9t\u00e9 cr\u00e9\u00e9e, en privil\u00e9giant les produits r\u00e9alis\u00e9s \u00e0 la main. [&hellip;]<\/p>\n","protected":false},"author":4,"featured_media":0,"parent":0,"menu_order":0,"comment_status":"closed","ping_status":"open","template":"elementor_header_footer","meta":{"footnotes":""},"class_list":["post-3852","page","type-page","status-publish","hentry"],"_links":{"self":[{"href":"https:\/\/www.brucle.it\/fr\/wp-json\/wp\/v2\/pages\/3852","targetHints":{"allow":["GET"]}}],"collection":[{"href":"https:\/\/www.brucle.it\/fr\/wp-json\/wp\/v2\/pages"}],"about":[{"href":"https:\/\/www.brucle.it\/fr\/wp-json\/wp\/v2\/types\/page"}],"author":[{"embeddable":true,"href":"https:\/\/www.brucle.it\/fr\/wp-json\/wp\/v2\/users\/4"}],"replies":[{"embeddable":true,"href":"https:\/\/www.brucle.it\/fr\/wp-json\/wp\/v2\/comments?post=3852"}],"version-history":[{"count":4,"href":"https:\/\/www.brucle.it\/fr\/wp-json\/wp\/v2\/pages\/3852\/revisions"}],"predecessor-version":[{"id":3857,"href":"https:\/\/www.brucle.it\/fr\/wp-json\/wp\/v2\/pages\/3852\/revisions\/3857"}],"wp:attachment":[{"href":"https:\/\/www.brucle.it\/fr\/wp-json\/wp\/v2\/media?parent=3852"}],"curies":[{"name":"wp","href":"https:\/\/api.w.org\/{rel}","templated":true}]}}