{"id":4342,"date":"2020-01-07T13:45:54","date_gmt":"2020-01-07T12:45:54","guid":{"rendered":"https:\/\/www.brucle.it\/?page_id=4342"},"modified":"2023-05-24T12:06:05","modified_gmt":"2023-05-24T10:06:05","slug":"damen-guertel","status":"publish","type":"page","link":"https:\/\/www.brucle.it\/de\/damen-kollektion\/damen-guertel\/","title":{"rendered":"Damen G\u00fcrtel"},"content":{"rendered":"\t\t<div data-elementor-type=\"wp-post\" data-elementor-id=\"4342\" class=\"elementor elementor-4342\" data-elementor-post-type=\"page\">\n\t\t\t\t\t\t<section class=\"elementor-section elementor-top-section elementor-element elementor-element-2aa30243 elementor-section-full_width elementor-section-height-default elementor-section-height-default\" data-id=\"2aa30243\" data-element_type=\"section\" data-e-type=\"section\" data-settings=\"{&quot;background_background&quot;:&quot;classic&quot;,&quot;background_motion_fx_motion_fx_scrolling&quot;:&quot;yes&quot;,&quot;background_motion_fx_translateY_effect&quot;:&quot;yes&quot;,&quot;background_motion_fx_translateY_direction&quot;:&quot;negative&quot;,&quot;background_motion_fx_translateY_speed&quot;:{&quot;unit&quot;:&quot;px&quot;,&quot;size&quot;:0,&quot;sizes&quot;:[]},&quot;background_motion_fx_translateY_affectedRange&quot;:{&quot;unit&quot;:&quot;%&quot;,&quot;size&quot;:&quot;&quot;,&quot;sizes&quot;:{&quot;start&quot;:0,&quot;end&quot;:100}},&quot;background_motion_fx_devices&quot;:[&quot;desktop&quot;,&quot;tablet&quot;,&quot;mobile&quot;]}\">\n\t\t\t\t\t\t<div class=\"elementor-container elementor-column-gap-no\">\n\t\t\t\t\t<div class=\"elementor-column elementor-col-100 elementor-top-column elementor-element elementor-element-7f453765\" data-id=\"7f453765\" data-element_type=\"column\" data-e-type=\"column\" data-settings=\"{&quot;background_background&quot;:&quot;classic&quot;,&quot;background_motion_fx_motion_fx_scrolling&quot;:&quot;yes&quot;,&quot;background_motion_fx_translateY_effect&quot;:&quot;yes&quot;,&quot;background_motion_fx_translateY_direction&quot;:&quot;negative&quot;,&quot;motion_fx_motion_fx_scrolling&quot;:&quot;yes&quot;,&quot;motion_fx_translateY_effect&quot;:&quot;yes&quot;,&quot;motion_fx_translateY_direction&quot;:&quot;negative&quot;,&quot;background_motion_fx_translateY_speed&quot;:{&quot;unit&quot;:&quot;px&quot;,&quot;size&quot;:4,&quot;sizes&quot;:[]},&quot;background_motion_fx_translateY_affectedRange&quot;:{&quot;unit&quot;:&quot;%&quot;,&quot;size&quot;:&quot;&quot;,&quot;sizes&quot;:{&quot;start&quot;:0,&quot;end&quot;:100}},&quot;background_motion_fx_devices&quot;:[&quot;desktop&quot;,&quot;tablet&quot;,&quot;mobile&quot;],&quot;motion_fx_translateY_speed&quot;:{&quot;unit&quot;:&quot;px&quot;,&quot;size&quot;:4,&quot;sizes&quot;:[]},&quot;motion_fx_translateY_affectedRange&quot;:{&quot;unit&quot;:&quot;%&quot;,&quot;size&quot;:&quot;&quot;,&quot;sizes&quot;:{&quot;start&quot;:0,&quot;end&quot;:100}},&quot;motion_fx_devices&quot;:[&quot;desktop&quot;,&quot;tablet&quot;,&quot;mobile&quot;]}\">\n\t\t\t<div class=\"elementor-widget-wrap elementor-element-populated\">\n\t\t\t\t\t\t<div class=\"elementor-element elementor-element-5f362599 elementor-cta--skin-cover elementor-cta--valign-middle elementor-cta--sequenced-animation elementor-animated-content elementor-bg-transform elementor-bg-transform-zoom-in elementor-widget elementor-widget-call-to-action\" data-id=\"5f362599\" data-element_type=\"widget\" data-e-type=\"widget\" data-settings=\"{&quot;_animation&quot;:&quot;none&quot;}\" data-widget_type=\"call-to-action.default\">\n\t\t\t\t<div class=\"elementor-widget-container\">\n\t\t\t\t\t\t\t<a class=\"elementor-cta\" href=\"https:\/\/www.brucleshop.com\/de\/9-gurtel-damen\">\n\t\t\t\t\t<div class=\"elementor-cta__bg-wrapper\">\n\t\t\t\t<div class=\"elementor-cta__bg elementor-bg\" style=\"background-image: url(https:\/\/www.brucle.it\/wp-content\/uploads\/2019\/10\/18-1907.jpg);\" role=\"img\" aria-label=\"Cintura donna in pelle di coccodrillo\"><\/div>\n\t\t\t\t<div class=\"elementor-cta__bg-overlay\"><\/div>\n\t\t\t<\/div>\n\t\t\t\t\t\t\t<div class=\"elementor-cta__content\">\n\t\t\t\t\n\t\t\t\t\t\t\t\t\t<h2 class=\"elementor-cta__title elementor-cta__content-item elementor-content-item elementor-animated-item--grow\">\n\t\t\t\t\t\tDAMEN G\u00dcRTEL\t\t\t\t\t<\/h2>\n\t\t\t\t\n\t\t\t\t\t\t\t\t\t<div class=\"elementor-cta__description elementor-cta__content-item elementor-content-item elementor-animated-item--grow\">\n\t\t\t\t\t\t<p>ENTDECKEN SIE ALLE PRODUKTE, ANPASSUNGSDIENSTLEISTUNGEN UND KUNDENSPEZIFISCHEN DIENSTLEISTUNGEN<\/p>\n\t\t\t\t\t<\/div>\n\t\t\t\t\n\t\t\t\t\t\t\t\t\t<div class=\"elementor-cta__button-wrapper elementor-cta__content-item elementor-content-item elementor-animated-item--grow\">\n\t\t\t\t\t<span class=\"elementor-cta__button elementor-button elementor-size-\">\n\t\t\t\t\t\tAB SOFORT KAUFEN\t\t\t\t\t<\/span>\n\t\t\t\t\t<\/div>\n\t\t\t\t\t\t\t<\/div>\n\t\t\t\t\t\t<\/a>\n\t\t\t\t\t\t<\/div>\n\t\t\t\t<\/div>\n\t\t\t\t\t<\/div>\n\t\t<\/div>\n\t\t\t\t\t<\/div>\n\t\t<\/section>\n\t\t\t\t<section class=\"elementor-section elementor-top-section elementor-element elementor-element-21e9a2d3 elementor-section-boxed elementor-section-height-default elementor-section-height-default\" data-id=\"21e9a2d3\" data-element_type=\"section\" data-e-type=\"section\">\n\t\t\t\t\t\t<div class=\"elementor-container elementor-column-gap-default\">\n\t\t\t\t\t<div class=\"elementor-column elementor-col-100 elementor-top-column elementor-element elementor-element-1bf25cd2\" data-id=\"1bf25cd2\" data-element_type=\"column\" data-e-type=\"column\">\n\t\t\t<div class=\"elementor-widget-wrap elementor-element-populated\">\n\t\t\t\t\t\t<div class=\"elementor-element elementor-element-283555f4 elementor-widget elementor-widget-heading\" data-id=\"283555f4\" data-element_type=\"widget\" data-e-type=\"widget\" data-settings=\"{&quot;_animation&quot;:&quot;none&quot;}\" data-widget_type=\"heading.default\">\n\t\t\t\t<div class=\"elementor-widget-container\">\n\t\t\t\t\t<h2 class=\"elementor-heading-title elementor-size-default\"> #more {display: none;}\n<h1>Damen G&uuml;rtel<\/h1>\n<p><strong> Die Brucle Damen-G&uuml;rtel-Linie<\/strong> zeichnet sich durch das verwendete Leder und die verwendeten Materialien, die Handwerkskunst und ihren eleganten und raffinierten Stil aus.<\/p>\n<p>Alle <strong> unsere G&uuml;rtel sind einzigartige Produkte.<\/strong> Sie k&ouml;nnen auch unsere <strong>Personalisierungs<\/strong> und<strong> Anpassungsservice<\/strong> nutzen, um alle Ihre Stilanforderungen zu erf&uuml;llen.<\/p>\n<p><span id=\"dots\">...<\/span><\/p>\n<p><a title=\"Dameng&uuml;rtel\" href=\"https:\/\/www.brucleshop.com\/de\/9-gurtel-damen\"><strong> Dameng&uuml;rtel<\/strong><\/a>, die zum Handtasche passen f&uuml;r einen.<strong> eleganten und trendigen Look<\/strong>.<\/p>\n<p>Alle unsere Dameng&uuml;rtel sind aus hochwertigen Materialien, exotischen Ledern wie Python oder Krokodil angefertigt und werden ausschlie&szlig;lich in Italien handgefertigt.<\/p>\n<p>Die<a title=\" Lederg&uuml;rtel \" href=\"https:\/\/www.brucleshop.com\/de\/47-ledergurtel-damen-gurtel-damen\"> Lederg&uuml;rtel<\/a> der Damenkollektion sind mit Vollnarben-Nubuk unterlegt: ein Material, das seine Geschmeidigkeit und seinen Glanz im Laufe der Zeit bewahrt, im Gegensatz zu minderwertigen G&uuml;rteln, die mit einer Kruste oder regeneriertem Leder unterlegt sind, das dazu neigt, zu rei&szlig;en und sich mit der Zeit schwarz zu f&auml;rben.<\/p>\n<p>Jeder Brucle G&uuml;rtel f&uuml;r Frauen kann leicht gek&uuml;rzt werden, ein kleines handgefertigtes Juwel aus Italien, das in Reichweite aller liegt.<\/p>\n<p>In unserem<a title=\" E-Commerce-Portal\" href=\"https:\/\/www.brucleshop.com\/it\/\"> E-Commerce-Portal<\/a> finden Sie auch die passenden Handtaschen und <a title=\"Portemonnaies\" href=\"https:\/\/www.brucleshop.com\/de\/10-geldborse-damen\">Portemonnaies<\/a>.<\/p>\n<p>Dank des Personalisierungsservice k&ouml;nnen wir auf Wunsch Initialen auf das Leder gravieren oder die Schnalle mit Ihrem Namen personalisieren.<\/p>\n<p>Dar&uuml;ber hinaus erm&ouml;glicht Ihnen der Custom Service, den G&uuml;rtel Ihrer Tr&auml;ume zu kreieren:<\/p>\n<p>W&auml;hlen Sie das Leder und die Farbe, die Sie w&uuml;nschen. Geben Sie Ihre Gr&ouml;&szlig;e ein und wir fertigen einen personalisierten G&uuml;rtel speziell f&uuml;r Sie an.<\/p>\n<p>Ein exklusiver und einzigartiger Service wie Sie!<\/p><button id=\"myBtn\"> Mehr Informationen<\/button>function myFunction() {  var dots = document.getElementById(\"dots\");  var moreText = document.getElementById(\"more\");  var btnText = document.getElementById(\"myBtn\");  if (dots.style.display === \"none\") {    dots.style.display = \"inline\";    btnText.innerHTML = \" Mehr Informationen \";     moreText.style.display = \"none\";  } else {    dots.style.display = \"none\";    btnText.innerHTML = \" Schlie\u00dfen\";     moreText.style.display = \"inline\";  }}<\/h2>\t\t\t\t<\/div>\n\t\t\t\t<\/div>\n\t\t\t\t\t<\/div>\n\t\t<\/div>\n\t\t\t\t\t<\/div>\n\t\t<\/section>\n\t\t\t\t<section class=\"elementor-section elementor-top-section elementor-element elementor-element-264deccf elementor-section-full_width elementor-reverse-mobile elementor-section-height-default elementor-section-height-default\" data-id=\"264deccf\" data-element_type=\"section\" data-e-type=\"section\" data-settings=\"{&quot;background_background&quot;:&quot;none&quot;}\">\n\t\t\t\t\t\t<div class=\"elementor-container elementor-column-gap-no\">\n\t\t\t\t\t<div class=\"elementor-column elementor-col-50 elementor-top-column elementor-element elementor-element-7f0d2377 animated-fast elementor-invisible\" data-id=\"7f0d2377\" data-element_type=\"column\" data-e-type=\"column\" data-settings=\"{&quot;background_background&quot;:&quot;gradient&quot;,&quot;animation&quot;:&quot;slideInLeft&quot;}\">\n\t\t\t<div class=\"elementor-widget-wrap elementor-element-populated\">\n\t\t\t\t\t\t<div class=\"elementor-element elementor-element-2baacd7b elementor-widget elementor-widget-heading\" data-id=\"2baacd7b\" data-element_type=\"widget\" data-e-type=\"widget\" data-widget_type=\"heading.default\">\n\t\t\t\t<div class=\"elementor-widget-container\">\n\t\t\t\t\t<h2 class=\"elementor-heading-title elementor-size-default\">HANDWERK<\/h2>\t\t\t\t<\/div>\n\t\t\t\t<\/div>\n\t\t\t\t<div class=\"elementor-element elementor-element-2cb0840b elementor-widget elementor-widget-text-editor\" data-id=\"2cb0840b\" data-element_type=\"widget\" data-e-type=\"widget\" data-widget_type=\"text-editor.default\">\n\t\t\t\t<div class=\"elementor-widget-container\">\n\t\t\t\t\t\t\t\t\t<p>Synonym f\u00fcr <strong>Liebe zum Detail<\/strong>, Verbesserung des Rohmaterials und Einzigartigkeit des Produkts. Nat\u00fcrlich <strong>100% Made in Italy<\/strong><\/p>\n\t\t\t\t\t\t\t\t<\/div>\n\t\t\t\t<\/div>\n\t\t\t\t\t<\/div>\n\t\t<\/div>\n\t\t\t\t<div class=\"elementor-column elementor-col-50 elementor-top-column elementor-element elementor-element-64b7f75c elementor-invisible\" data-id=\"64b7f75c\" data-element_type=\"column\" data-e-type=\"column\" data-settings=\"{&quot;background_background&quot;:&quot;classic&quot;,&quot;motion_fx_motion_fx_mouse&quot;:&quot;yes&quot;,&quot;animation&quot;:&quot;slideInRight&quot;}\">\n\t\t\t<div class=\"elementor-widget-wrap elementor-element-populated\">\n\t\t\t\t\t<div class=\"elementor-background-overlay\"><\/div>\n\t\t\t\t\t\t<div class=\"elementor-element elementor-element-5961f21b elementor-widget elementor-widget-spacer\" data-id=\"5961f21b\" data-element_type=\"widget\" data-e-type=\"widget\" data-widget_type=\"spacer.default\">\n\t\t\t\t<div class=\"elementor-widget-container\">\n\t\t\t\t\t\t\t<div class=\"elementor-spacer\">\n\t\t\t<div class=\"elementor-spacer-inner\"><\/div>\n\t\t<\/div>\n\t\t\t\t\t\t<\/div>\n\t\t\t\t<\/div>\n\t\t\t\t\t<\/div>\n\t\t<\/div>\n\t\t\t\t\t<\/div>\n\t\t<\/section>\n\t\t\t\t<section class=\"elementor-section elementor-top-section elementor-element elementor-element-6a75de1e elementor-section-content-middle elementor-section-full_width elementor-section-height-default elementor-section-height-default\" data-id=\"6a75de1e\" data-element_type=\"section\" data-e-type=\"section\" data-settings=\"{&quot;background_background&quot;:&quot;classic&quot;}\">\n\t\t\t\t\t\t<div class=\"elementor-container elementor-column-gap-no\">\n\t\t\t\t\t<div class=\"elementor-column elementor-col-50 elementor-top-column elementor-element elementor-element-11e39ec7 elementor-invisible\" data-id=\"11e39ec7\" data-element_type=\"column\" data-e-type=\"column\" data-settings=\"{&quot;background_background&quot;:&quot;classic&quot;,&quot;animation&quot;:&quot;fadeInLeft&quot;}\">\n\t\t\t<div class=\"elementor-widget-wrap elementor-element-populated\">\n\t\t\t\t\t\t<div class=\"elementor-element elementor-element-1af34e8f elementor-widget elementor-widget-spacer\" data-id=\"1af34e8f\" data-element_type=\"widget\" data-e-type=\"widget\" data-widget_type=\"spacer.default\">\n\t\t\t\t<div class=\"elementor-widget-container\">\n\t\t\t\t\t\t\t<div class=\"elementor-spacer\">\n\t\t\t<div class=\"elementor-spacer-inner\"><\/div>\n\t\t<\/div>\n\t\t\t\t\t\t<\/div>\n\t\t\t\t<\/div>\n\t\t\t\t\t<\/div>\n\t\t<\/div>\n\t\t\t\t<div class=\"elementor-column elementor-col-50 elementor-top-column elementor-element elementor-element-41bc856c elementor-invisible\" data-id=\"41bc856c\" data-element_type=\"column\" data-e-type=\"column\" data-settings=\"{&quot;background_background&quot;:&quot;gradient&quot;,&quot;animation&quot;:&quot;fadeInRight&quot;}\">\n\t\t\t<div class=\"elementor-widget-wrap elementor-element-populated\">\n\t\t\t\t\t\t<div class=\"elementor-element elementor-element-280a840c elementor-widget elementor-widget-heading\" data-id=\"280a840c\" data-element_type=\"widget\" data-e-type=\"widget\" data-widget_type=\"heading.default\">\n\t\t\t\t<div class=\"elementor-widget-container\">\n\t\t\t\t\t<h4 class=\"elementor-heading-title elementor-size-large\">QUALIT\u00c4T<\/h4>\t\t\t\t<\/div>\n\t\t\t\t<\/div>\n\t\t\t\t<div class=\"elementor-element elementor-element-5815a1be elementor-widget elementor-widget-text-editor\" data-id=\"5815a1be\" data-element_type=\"widget\" data-e-type=\"widget\" data-widget_type=\"text-editor.default\">\n\t\t\t\t<div class=\"elementor-widget-container\">\n\t\t\t\t\t\t\t\t\t<p>F\u00fcr unsere G\u00fcrtel verwenden wir nur die <strong>besten Leder<\/strong> und Materialien, um hochwertige Accessoires zu erhalten, die \u00fcber die Zeit halten<\/p>\n\t\t\t\t\t\t\t\t<\/div>\n\t\t\t\t<\/div>\n\t\t\t\t\t<\/div>\n\t\t<\/div>\n\t\t\t\t\t<\/div>\n\t\t<\/section>\n\t\t\t\t<section class=\"elementor-section elementor-top-section elementor-element elementor-element-44acfe50 elementor-section-content-middle elementor-section-full_width elementor-section-height-default elementor-section-height-default\" data-id=\"44acfe50\" data-element_type=\"section\" data-e-type=\"section\" data-settings=\"{&quot;background_background&quot;:&quot;classic&quot;}\">\n\t\t\t\t\t\t<div class=\"elementor-container elementor-column-gap-no\">\n\t\t\t\t\t<div class=\"elementor-column elementor-col-50 elementor-top-column elementor-element elementor-element-3f5a8ab1 elementor-invisible\" data-id=\"3f5a8ab1\" data-element_type=\"column\" data-e-type=\"column\" data-settings=\"{&quot;background_background&quot;:&quot;gradient&quot;,&quot;animation&quot;:&quot;fadeInLeft&quot;}\">\n\t\t\t<div class=\"elementor-widget-wrap elementor-element-populated\">\n\t\t\t\t\t\t<div class=\"elementor-element elementor-element-154d9fdd elementor-widget elementor-widget-heading\" data-id=\"154d9fdd\" data-element_type=\"widget\" data-e-type=\"widget\" data-widget_type=\"heading.default\">\n\t\t\t\t<div class=\"elementor-widget-container\">\n\t\t\t\t\t<h4 class=\"elementor-heading-title elementor-size-large\">KUNDENANPASSUNG<\/h4>\t\t\t\t<\/div>\n\t\t\t\t<\/div>\n\t\t\t\t<div class=\"elementor-element elementor-element-46096676 elementor-widget elementor-widget-text-editor\" data-id=\"46096676\" data-element_type=\"widget\" data-e-type=\"widget\" data-widget_type=\"text-editor.default\">\n\t\t\t\t<div class=\"elementor-widget-container\">\n\t\t\t\t\t\t\t\t\t<p>M\u00f6chten Sie einen mit Ihren Initialen personalisierten G\u00fcrtel, einen extra langen oder nickelfreien G\u00fcrtel?<u><\/u><\/p>\n\t\t\t\t\t\t\t\t<\/div>\n\t\t\t\t<\/div>\n\t\t\t\t<div class=\"elementor-element elementor-element-0111284 elementor-align-center elementor-widget elementor-widget-button\" data-id=\"0111284\" data-element_type=\"widget\" data-e-type=\"widget\" data-widget_type=\"button.default\">\n\t\t\t\t<div class=\"elementor-widget-container\">\n\t\t\t\t\t\t\t\t\t<div class=\"elementor-button-wrapper\">\n\t\t\t\t\t<a class=\"elementor-button elementor-button-link elementor-size-lg elementor-animation-grow\" href=\"https:\/\/www.brucleshop.com\/de\/9-gurtel-damen\">\n\t\t\t\t\t\t<span class=\"elementor-button-content-wrapper\">\n\t\t\t\t\t\t\t\t\t<span class=\"elementor-button-text\">W\u00c4HLEN SIE JETZT IHREN G\u00dcRTEL AUS UND PASSEN SIE IHN AN<\/span>\n\t\t\t\t\t<\/span>\n\t\t\t\t\t<\/a>\n\t\t\t\t<\/div>\n\t\t\t\t\t\t\t\t<\/div>\n\t\t\t\t<\/div>\n\t\t\t\t\t<\/div>\n\t\t<\/div>\n\t\t\t\t<div class=\"elementor-column elementor-col-50 elementor-top-column elementor-element elementor-element-4c10069 elementor-invisible\" data-id=\"4c10069\" data-element_type=\"column\" data-e-type=\"column\" data-settings=\"{&quot;background_background&quot;:&quot;classic&quot;,&quot;animation&quot;:&quot;fadeInRight&quot;}\">\n\t\t\t<div class=\"elementor-widget-wrap elementor-element-populated\">\n\t\t\t\t\t\t<div class=\"elementor-element elementor-element-6863b148 elementor-widget elementor-widget-spacer\" data-id=\"6863b148\" data-element_type=\"widget\" data-e-type=\"widget\" data-widget_type=\"spacer.default\">\n\t\t\t\t<div class=\"elementor-widget-container\">\n\t\t\t\t\t\t\t<div class=\"elementor-spacer\">\n\t\t\t<div class=\"elementor-spacer-inner\"><\/div>\n\t\t<\/div>\n\t\t\t\t\t\t<\/div>\n\t\t\t\t<\/div>\n\t\t\t\t\t<\/div>\n\t\t<\/div>\n\t\t\t\t\t<\/div>\n\t\t<\/section>\n\t\t\t\t<section class=\"elementor-section elementor-top-section elementor-element elementor-element-707fa474 elementor-section-content-middle elementor-section-full_width elementor-section-height-default elementor-section-height-default\" data-id=\"707fa474\" data-element_type=\"section\" data-e-type=\"section\" data-settings=\"{&quot;background_background&quot;:&quot;classic&quot;}\">\n\t\t\t\t\t\t<div class=\"elementor-container elementor-column-gap-no\">\n\t\t\t\t\t<div class=\"elementor-column elementor-col-50 elementor-top-column elementor-element elementor-element-51ae990f elementor-invisible\" data-id=\"51ae990f\" data-element_type=\"column\" data-e-type=\"column\" data-settings=\"{&quot;background_background&quot;:&quot;classic&quot;,&quot;animation&quot;:&quot;fadeInLeft&quot;}\">\n\t\t\t<div class=\"elementor-widget-wrap elementor-element-populated\">\n\t\t\t\t\t\t<div class=\"elementor-element elementor-element-20df7618 elementor-widget elementor-widget-spacer\" data-id=\"20df7618\" data-element_type=\"widget\" data-e-type=\"widget\" data-widget_type=\"spacer.default\">\n\t\t\t\t<div class=\"elementor-widget-container\">\n\t\t\t\t\t\t\t<div class=\"elementor-spacer\">\n\t\t\t<div class=\"elementor-spacer-inner\"><\/div>\n\t\t<\/div>\n\t\t\t\t\t\t<\/div>\n\t\t\t\t<\/div>\n\t\t\t\t\t<\/div>\n\t\t<\/div>\n\t\t\t\t<div class=\"elementor-column elementor-col-50 elementor-top-column elementor-element elementor-element-75cf7765 elementor-invisible\" data-id=\"75cf7765\" data-element_type=\"column\" data-e-type=\"column\" data-settings=\"{&quot;background_background&quot;:&quot;gradient&quot;,&quot;animation&quot;:&quot;fadeInRight&quot;}\">\n\t\t\t<div class=\"elementor-widget-wrap elementor-element-populated\">\n\t\t\t\t\t\t<div class=\"elementor-element elementor-element-2c1e5f87 elementor-widget elementor-widget-heading\" data-id=\"2c1e5f87\" data-element_type=\"widget\" data-e-type=\"widget\" data-widget_type=\"heading.default\">\n\t\t\t\t<div class=\"elementor-widget-container\">\n\t\t\t\t\t<h4 class=\"elementor-heading-title elementor-size-large\"> STIL<\/h4>\t\t\t\t<\/div>\n\t\t\t\t<\/div>\n\t\t\t\t<div class=\"elementor-element elementor-element-797913de elementor-widget elementor-widget-text-editor\" data-id=\"797913de\" data-element_type=\"widget\" data-e-type=\"widget\" data-widget_type=\"text-editor.default\">\n\t\t\t\t<div class=\"elementor-widget-container\">\n\t\t\t\t\t\t\t\t\t<p>Ob Sie einen G\u00fcrtel f\u00fcr eine Veranstaltung, f\u00fcr die Arbeit oder f\u00fcr Ihre Freizeit ben\u00f6tigen, unsere Kollektion wird <strong>Ihren Stilanforderungen gerecht<\/strong><\/p>\n\t\t\t\t\t\t\t\t<\/div>\n\t\t\t\t<\/div>\n\t\t\t\t\t<\/div>\n\t\t<\/div>\n\t\t\t\t\t<\/div>\n\t\t<\/section>\n\t\t\t\t<section class=\"elementor-section elementor-top-section elementor-element elementor-element-11070b9d elementor-section-boxed elementor-section-height-default elementor-section-height-default\" data-id=\"11070b9d\" data-element_type=\"section\" data-e-type=\"section\">\n\t\t\t\t\t\t<div class=\"elementor-container elementor-column-gap-no\">\n\t\t\t\t\t<div class=\"elementor-column elementor-col-50 elementor-top-column elementor-element elementor-element-7514aecb\" data-id=\"7514aecb\" data-element_type=\"column\" data-e-type=\"column\">\n\t\t\t<div class=\"elementor-widget-wrap elementor-element-populated\">\n\t\t\t\t\t\t<div class=\"elementor-element elementor-element-8084fb0 elementor-invisible elementor-widget elementor-widget-e_image_hover_effects\" data-id=\"8084fb0\" data-element_type=\"widget\" data-e-type=\"widget\" data-settings=\"{&quot;_animation&quot;:&quot;pulse&quot;}\" data-widget_type=\"e_image_hover_effects.default\">\n\t\t\t\t<div class=\"elementor-widget-container\">\n\t\t\t\t\t\t\t\t<a href=\"https:\/\/www.brucleshop.com\/de\/25-hosentrager-damen\">\n\t\t\t\t\t<div class=\"eihe-box eihe-fade-in-up eihe_center\">\n\t\t\t\t<img fetchpriority=\"high\" decoding=\"async\" width=\"750\" height=\"520\" src=\"https:\/\/www.brucle.it\/wp-content\/uploads\/2019\/05\/BRUCLE-BRETELLE-DONNA-PERSONALIZZATE-COLORATE.jpg\" class=\"attachment-full size-full wp-image-3318\" alt=\"\" \/>\t\t\t\t<div class=\"eihe-caption\">\n\t\t\t\t\t<div class=\"eihe-title-cover\">\n\t\t\t\t\t\t\t\t\t\t\t\t<h2 class=\"eihe-title\">DAMEN-HOSENTR\u00c4GER<\/h2>\n\t\t\t\t\t\t\t\t\t\t\t<\/div>\n\t\t\t\t\t<p>Dieses bei M\u00e4nnern sehr beliebte Accessoire findet in der Damenmode zunehmend seinen Platz als non-konformistisches und trendiges Accessoire. Entdecken Sie jetzt unsere Kollektion von Hosentr\u00e4ger<\/p>\n\t\t\t\t<\/div>\n\t\t\t<\/div>\n\t\t\t\t\t<\/a>\n\t\t\t\t\t\t<\/div>\n\t\t\t\t<\/div>\n\t\t\t\t\t<\/div>\n\t\t<\/div>\n\t\t\t\t<div class=\"elementor-column elementor-col-50 elementor-top-column elementor-element elementor-element-e48f6c\" data-id=\"e48f6c\" data-element_type=\"column\" data-e-type=\"column\">\n\t\t\t<div class=\"elementor-widget-wrap elementor-element-populated\">\n\t\t\t\t\t\t<div class=\"elementor-element elementor-element-58af3978 elementor-invisible elementor-widget elementor-widget-e_image_hover_effects\" data-id=\"58af3978\" data-element_type=\"widget\" data-e-type=\"widget\" data-settings=\"{&quot;_animation&quot;:&quot;pulse&quot;}\" data-widget_type=\"e_image_hover_effects.default\">\n\t\t\t\t<div class=\"elementor-widget-container\">\n\t\t\t\t\t\t\t\t<a href=\"https:\/\/www.brucleshop.com\/de\/29-armband\">\n\t\t\t\t\t<div class=\"eihe-box eihe-fade-in-up eihe_center\">\n\t\t\t\t<img decoding=\"async\" width=\"750\" height=\"520\" src=\"https:\/\/www.brucle.it\/wp-content\/uploads\/2019\/05\/BRUCLE-BRACCIALI-ORO-PELLE-PITONE-ELEGANTI-PREZIOSI.jpg\" class=\"attachment-full size-full wp-image-3186\" alt=\"\" \/>\t\t\t\t<div class=\"eihe-caption\">\n\t\t\t\t\t<div class=\"eihe-title-cover\">\n\t\t\t\t\t\t\t\t\t\t\t\t<h2 class=\"eihe-title\">ECHTES PYTHON-ACCESSOIRES<\/h2>\n\t\t\t\t\t\t\t\t\t\t\t<\/div>\n\t\t\t\t\t<p>Python G\u00fcrtel, aber auch Schl\u00fcsselanh\u00e4nger, Brillenetuis, Armb\u00e4nder und Portemonnaies. <p>Zeitlose Luxus-Accessoires<\/p><\/p>\n\t\t\t\t<\/div>\n\t\t\t<\/div>\n\t\t\t\t\t<\/a>\n\t\t\t\t\t\t<\/div>\n\t\t\t\t<\/div>\n\t\t\t\t\t<\/div>\n\t\t<\/div>\n\t\t\t\t\t<\/div>\n\t\t<\/section>\n\t\t\t\t<\/div>\n\t\t","protected":false},"excerpt":{"rendered":"<p>DAMEN G\u00dcRTEL ENTDECKEN SIE ALLE PRODUKTE, ANPASSUNGSDIENSTLEISTUNGEN UND KUNDENSPEZIFISCHEN DIENSTLEISTUNGEN AB SOFORT KAUFEN Damen G&uuml;rtel Die Brucle Damen-G&uuml;rtel-Linie zeichnet sich durch das verwendete Leder und die verwendeten Materialien, die Handwerkskunst und ihren eleganten und raffinierten Stil aus. Alle unsere G&uuml;rtel sind einzigartige Produkte. Sie k&ouml;nnen auch unsere Personalisierungs und Anpassungsservice nutzen, um alle Ihre Stilanforderungen [&hellip;]<\/p>\n","protected":false},"author":4,"featured_media":0,"parent":4267,"menu_order":0,"comment_status":"open","ping_status":"open","template":"elementor_header_footer","meta":{"footnotes":""},"class_list":["post-4342","page","type-page","status-publish","hentry"],"_links":{"self":[{"href":"https:\/\/www.brucle.it\/de\/wp-json\/wp\/v2\/pages\/4342","targetHints":{"allow":["GET"]}}],"collection":[{"href":"https:\/\/www.brucle.it\/de\/wp-json\/wp\/v2\/pages"}],"about":[{"href":"https:\/\/www.brucle.it\/de\/wp-json\/wp\/v2\/types\/page"}],"author":[{"embeddable":true,"href":"https:\/\/www.brucle.it\/de\/wp-json\/wp\/v2\/users\/4"}],"replies":[{"embeddable":true,"href":"https:\/\/www.brucle.it\/de\/wp-json\/wp\/v2\/comments?post=4342"}],"version-history":[{"count":16,"href":"https:\/\/www.brucle.it\/de\/wp-json\/wp\/v2\/pages\/4342\/revisions"}],"predecessor-version":[{"id":5318,"href":"https:\/\/www.brucle.it\/de\/wp-json\/wp\/v2\/pages\/4342\/revisions\/5318"}],"up":[{"embeddable":true,"href":"https:\/\/www.brucle.it\/de\/wp-json\/wp\/v2\/pages\/4267"}],"wp:attachment":[{"href":"https:\/\/www.brucle.it\/de\/wp-json\/wp\/v2\/media?parent=4342"}],"curies":[{"name":"wp","href":"https:\/\/api.w.org\/{rel}","templated":true}]}}